{"id":4770,"date":"2021-03-25T15:33:25","date_gmt":"2021-03-25T14:33:25","guid":{"rendered":"https:\/\/www.cabinet-magar.fr\/a-propos\/"},"modified":"2021-06-10T10:47:43","modified_gmt":"2021-06-10T08:47:43","slug":"ueber-uns","status":"publish","type":"page","link":"https:\/\/www.cabinet-magar.fr\/de\/ueber-uns\/","title":{"rendered":"\u00dcber uns"},"content":{"rendered":"","protected":false},"excerpt":{"rendered":"","protected":false},"author":1,"featured_media":0,"parent":0,"menu_order":3,"comment_status":"closed","ping_status":"closed","template":"","meta":{"_acf_changed":false,"footnotes":""},"class_list":["post-4770","page","type-page","status-publish","hentry"],"acf":[],"yoast_head":"<!-- This site is optimized with the Yoast SEO plugin v27.2 - https:\/\/yoast.com\/product\/yoast-seo-wordpress\/ -->\n<title>Cabinet d&#039;expertise comptable Magar - A propos du cabinet<\/title>\n<meta name=\"description\" content=\"D\u00e9couvrez l&#039;histoire du Cabinet, les valeurs des dirigeants et des collaborateurs. Le Cabinet Magar, \u00e0 vos c\u00f4t\u00e9s.\" \/>\n<meta name=\"robots\" content=\"index, follow, max-snippet:-1, max-image-preview:large, max-video-preview:-1\" \/>\n<link rel=\"canonical\" href=\"https:\/\/www.cabinet-magar.fr\/de\/ueber-uns\/\" \/>\n<meta property=\"og:locale\" content=\"de_DE\" \/>\n<meta property=\"og:type\" content=\"article\" \/>\n<meta property=\"og:title\" content=\"Cabinet d&#039;expertise comptable Magar - A propos du cabinet\" \/>\n<meta property=\"og:description\" content=\"D\u00e9couvrez l&#039;histoire du Cabinet, les valeurs des dirigeants et des collaborateurs. Le Cabinet Magar, \u00e0 vos c\u00f4t\u00e9s.\" \/>\n<meta property=\"og:url\" content=\"https:\/\/www.cabinet-magar.fr\/de\/ueber-uns\/\" \/>\n<meta property=\"og:site_name\" content=\"Cabinet Magar\" \/>\n<meta property=\"article:modified_time\" content=\"2021-06-10T08:47:43+00:00\" \/>\n<meta name=\"twitter:card\" content=\"summary_large_image\" \/>\n<script type=\"application\/ld+json\" class=\"yoast-schema-graph\">{\"@context\":\"https:\/\/schema.org\",\"@graph\":[{\"@type\":\"WebPage\",\"@id\":\"https:\/\/www.cabinet-magar.fr\/de\/ueber-uns\/\",\"url\":\"https:\/\/www.cabinet-magar.fr\/de\/ueber-uns\/\",\"name\":\"Cabinet d'expertise comptable Magar - A propos du cabinet\",\"isPartOf\":{\"@id\":\"https:\/\/www.cabinet-magar.fr\/#website\"},\"datePublished\":\"2021-03-25T14:33:25+00:00\",\"dateModified\":\"2021-06-10T08:47:43+00:00\",\"description\":\"D\u00e9couvrez l'histoire du Cabinet, les valeurs des dirigeants et des collaborateurs. Le Cabinet Magar, \u00e0 vos c\u00f4t\u00e9s.\",\"breadcrumb\":{\"@id\":\"https:\/\/www.cabinet-magar.fr\/de\/ueber-uns\/#breadcrumb\"},\"inLanguage\":\"de\",\"potentialAction\":[{\"@type\":\"ReadAction\",\"target\":[\"https:\/\/www.cabinet-magar.fr\/de\/ueber-uns\/\"]}]},{\"@type\":\"BreadcrumbList\",\"@id\":\"https:\/\/www.cabinet-magar.fr\/de\/ueber-uns\/#breadcrumb\",\"itemListElement\":[{\"@type\":\"ListItem\",\"position\":1,\"name\":\"Accueil\",\"item\":\"https:\/\/www.cabinet-magar.fr\/de\/\"},{\"@type\":\"ListItem\",\"position\":2,\"name\":\"\u00dcber uns\"}]},{\"@type\":\"WebSite\",\"@id\":\"https:\/\/www.cabinet-magar.fr\/#website\",\"url\":\"https:\/\/www.cabinet-magar.fr\/\",\"name\":\"Cabinet Magar\",\"description\":\"\",\"potentialAction\":[{\"@type\":\"SearchAction\",\"target\":{\"@type\":\"EntryPoint\",\"urlTemplate\":\"https:\/\/www.cabinet-magar.fr\/?s={search_term_string}\"},\"query-input\":{\"@type\":\"PropertyValueSpecification\",\"valueRequired\":true,\"valueName\":\"search_term_string\"}}],\"inLanguage\":\"de\"}]}<\/script>\n<!-- \/ Yoast SEO plugin. -->","yoast_head_json":{"title":"Cabinet d'expertise comptable Magar - A propos du cabinet","description":"D\u00e9couvrez l'histoire du Cabinet, les valeurs des dirigeants et des collaborateurs. Le Cabinet Magar, \u00e0 vos c\u00f4t\u00e9s.","robots":{"index":"index","follow":"follow","max-snippet":"max-snippet:-1","max-image-preview":"max-image-preview:large","max-video-preview":"max-video-preview:-1"},"canonical":"https:\/\/www.cabinet-magar.fr\/de\/ueber-uns\/","og_locale":"de_DE","og_type":"article","og_title":"Cabinet d'expertise comptable Magar - A propos du cabinet","og_description":"D\u00e9couvrez l'histoire du Cabinet, les valeurs des dirigeants et des collaborateurs. Le Cabinet Magar, \u00e0 vos c\u00f4t\u00e9s.","og_url":"https:\/\/www.cabinet-magar.fr\/de\/ueber-uns\/","og_site_name":"Cabinet Magar","article_modified_time":"2021-06-10T08:47:43+00:00","twitter_card":"summary_large_image","schema":{"@context":"https:\/\/schema.org","@graph":[{"@type":"WebPage","@id":"https:\/\/www.cabinet-magar.fr\/de\/ueber-uns\/","url":"https:\/\/www.cabinet-magar.fr\/de\/ueber-uns\/","name":"Cabinet d'expertise comptable Magar - A propos du cabinet","isPartOf":{"@id":"https:\/\/www.cabinet-magar.fr\/#website"},"datePublished":"2021-03-25T14:33:25+00:00","dateModified":"2021-06-10T08:47:43+00:00","description":"D\u00e9couvrez l'histoire du Cabinet, les valeurs des dirigeants et des collaborateurs. Le Cabinet Magar, \u00e0 vos c\u00f4t\u00e9s.","breadcrumb":{"@id":"https:\/\/www.cabinet-magar.fr\/de\/ueber-uns\/#breadcrumb"},"inLanguage":"de","potentialAction":[{"@type":"ReadAction","target":["https:\/\/www.cabinet-magar.fr\/de\/ueber-uns\/"]}]},{"@type":"BreadcrumbList","@id":"https:\/\/www.cabinet-magar.fr\/de\/ueber-uns\/#breadcrumb","itemListElement":[{"@type":"ListItem","position":1,"name":"Accueil","item":"https:\/\/www.cabinet-magar.fr\/de\/"},{"@type":"ListItem","position":2,"name":"\u00dcber uns"}]},{"@type":"WebSite","@id":"https:\/\/www.cabinet-magar.fr\/#website","url":"https:\/\/www.cabinet-magar.fr\/","name":"Cabinet Magar","description":"","potentialAction":[{"@type":"SearchAction","target":{"@type":"EntryPoint","urlTemplate":"https:\/\/www.cabinet-magar.fr\/?s={search_term_string}"},"query-input":{"@type":"PropertyValueSpecification","valueRequired":true,"valueName":"search_term_string"}}],"inLanguage":"de"}]}},"_links":{"self":[{"href":"https:\/\/www.cabinet-magar.fr\/de\/wp-json\/wp\/v2\/pages\/4770","targetHints":{"allow":["GET"]}}],"collection":[{"href":"https:\/\/www.cabinet-magar.fr\/de\/wp-json\/wp\/v2\/pages"}],"about":[{"href":"https:\/\/www.cabinet-magar.fr\/de\/wp-json\/wp\/v2\/types\/page"}],"author":[{"embeddable":true,"href":"https:\/\/www.cabinet-magar.fr\/de\/wp-json\/wp\/v2\/users\/1"}],"replies":[{"embeddable":true,"href":"https:\/\/www.cabinet-magar.fr\/de\/wp-json\/wp\/v2\/comments?post=4770"}],"version-history":[{"count":3,"href":"https:\/\/www.cabinet-magar.fr\/de\/wp-json\/wp\/v2\/pages\/4770\/revisions"}],"predecessor-version":[{"id":4797,"href":"https:\/\/www.cabinet-magar.fr\/de\/wp-json\/wp\/v2\/pages\/4770\/revisions\/4797"}],"wp:attachment":[{"href":"https:\/\/www.cabinet-magar.fr\/de\/wp-json\/wp\/v2\/media?parent=4770"}],"curies":[{"name":"wp","href":"https:\/\/api.w.org\/{rel}","templated":true}]}}