{"id":4769,"date":"2021-03-25T15:21:56","date_gmt":"2021-03-25T14:21:56","guid":{"rendered":"https:\/\/www.cabinet-magar.fr\/developpement-dentreprise\/"},"modified":"2021-06-09T16:12:11","modified_gmt":"2021-06-09T14:12:11","slug":"unternehmensentwicklung","status":"publish","type":"page","link":"https:\/\/www.cabinet-magar.fr\/de\/unternehmensentwicklung\/","title":{"rendered":"Unternehmensentwicklung"},"content":{"rendered":"","protected":false},"excerpt":{"rendered":"","protected":false},"author":1,"featured_media":0,"parent":0,"menu_order":2,"comment_status":"closed","ping_status":"closed","template":"","meta":{"_acf_changed":false,"footnotes":""},"class_list":["post-4769","page","type-page","status-publish","hentry"],"acf":[],"yoast_head":"<!-- This site is optimized with the Yoast SEO plugin v27.2 - https:\/\/yoast.com\/product\/yoast-seo-wordpress\/ -->\n<title>D\u00e9veloppez votre entreprise - Cabinet Magar - Expertise comptable<\/title>\n<meta name=\"description\" content=\"D\u00e9veloppez votre entreprise dans les meilleurs conditions en confiant votre comptabilit\u00e9 au Cabinet Magar. Conseil et accompagnement.\" \/>\n<meta name=\"robots\" content=\"index, follow, max-snippet:-1, max-image-preview:large, max-video-preview:-1\" \/>\n<link rel=\"canonical\" href=\"https:\/\/www.cabinet-magar.fr\/de\/unternehmensentwicklung\/\" \/>\n<meta property=\"og:locale\" content=\"de_DE\" \/>\n<meta property=\"og:type\" content=\"article\" \/>\n<meta property=\"og:title\" content=\"D\u00e9veloppez votre entreprise - Cabinet Magar - Expertise comptable\" \/>\n<meta property=\"og:description\" content=\"D\u00e9veloppez votre entreprise dans les meilleurs conditions en confiant votre comptabilit\u00e9 au Cabinet Magar. Conseil et accompagnement.\" \/>\n<meta property=\"og:url\" content=\"https:\/\/www.cabinet-magar.fr\/de\/unternehmensentwicklung\/\" \/>\n<meta property=\"og:site_name\" content=\"Cabinet Magar\" \/>\n<meta property=\"article:modified_time\" content=\"2021-06-09T14:12:11+00:00\" \/>\n<meta name=\"twitter:card\" content=\"summary_large_image\" \/>\n<script type=\"application\/ld+json\" class=\"yoast-schema-graph\">{\"@context\":\"https:\/\/schema.org\",\"@graph\":[{\"@type\":\"WebPage\",\"@id\":\"https:\/\/www.cabinet-magar.fr\/de\/unternehmensentwicklung\/\",\"url\":\"https:\/\/www.cabinet-magar.fr\/de\/unternehmensentwicklung\/\",\"name\":\"D\u00e9veloppez votre entreprise - Cabinet Magar - Expertise comptable\",\"isPartOf\":{\"@id\":\"https:\/\/www.cabinet-magar.fr\/#website\"},\"datePublished\":\"2021-03-25T14:21:56+00:00\",\"dateModified\":\"2021-06-09T14:12:11+00:00\",\"description\":\"D\u00e9veloppez votre entreprise dans les meilleurs conditions en confiant votre comptabilit\u00e9 au Cabinet Magar. Conseil et accompagnement.\",\"breadcrumb\":{\"@id\":\"https:\/\/www.cabinet-magar.fr\/de\/unternehmensentwicklung\/#breadcrumb\"},\"inLanguage\":\"de\",\"potentialAction\":[{\"@type\":\"ReadAction\",\"target\":[\"https:\/\/www.cabinet-magar.fr\/de\/unternehmensentwicklung\/\"]}]},{\"@type\":\"BreadcrumbList\",\"@id\":\"https:\/\/www.cabinet-magar.fr\/de\/unternehmensentwicklung\/#breadcrumb\",\"itemListElement\":[{\"@type\":\"ListItem\",\"position\":1,\"name\":\"Accueil\",\"item\":\"https:\/\/www.cabinet-magar.fr\/de\/\"},{\"@type\":\"ListItem\",\"position\":2,\"name\":\"Unternehmensentwicklung\"}]},{\"@type\":\"WebSite\",\"@id\":\"https:\/\/www.cabinet-magar.fr\/#website\",\"url\":\"https:\/\/www.cabinet-magar.fr\/\",\"name\":\"Cabinet Magar\",\"description\":\"\",\"potentialAction\":[{\"@type\":\"SearchAction\",\"target\":{\"@type\":\"EntryPoint\",\"urlTemplate\":\"https:\/\/www.cabinet-magar.fr\/?s={search_term_string}\"},\"query-input\":{\"@type\":\"PropertyValueSpecification\",\"valueRequired\":true,\"valueName\":\"search_term_string\"}}],\"inLanguage\":\"de\"}]}<\/script>\n<!-- \/ Yoast SEO plugin. -->","yoast_head_json":{"title":"D\u00e9veloppez votre entreprise - Cabinet Magar - Expertise comptable","description":"D\u00e9veloppez votre entreprise dans les meilleurs conditions en confiant votre comptabilit\u00e9 au Cabinet Magar. Conseil et accompagnement.","robots":{"index":"index","follow":"follow","max-snippet":"max-snippet:-1","max-image-preview":"max-image-preview:large","max-video-preview":"max-video-preview:-1"},"canonical":"https:\/\/www.cabinet-magar.fr\/de\/unternehmensentwicklung\/","og_locale":"de_DE","og_type":"article","og_title":"D\u00e9veloppez votre entreprise - Cabinet Magar - Expertise comptable","og_description":"D\u00e9veloppez votre entreprise dans les meilleurs conditions en confiant votre comptabilit\u00e9 au Cabinet Magar. Conseil et accompagnement.","og_url":"https:\/\/www.cabinet-magar.fr\/de\/unternehmensentwicklung\/","og_site_name":"Cabinet Magar","article_modified_time":"2021-06-09T14:12:11+00:00","twitter_card":"summary_large_image","schema":{"@context":"https:\/\/schema.org","@graph":[{"@type":"WebPage","@id":"https:\/\/www.cabinet-magar.fr\/de\/unternehmensentwicklung\/","url":"https:\/\/www.cabinet-magar.fr\/de\/unternehmensentwicklung\/","name":"D\u00e9veloppez votre entreprise - Cabinet Magar - Expertise comptable","isPartOf":{"@id":"https:\/\/www.cabinet-magar.fr\/#website"},"datePublished":"2021-03-25T14:21:56+00:00","dateModified":"2021-06-09T14:12:11+00:00","description":"D\u00e9veloppez votre entreprise dans les meilleurs conditions en confiant votre comptabilit\u00e9 au Cabinet Magar. Conseil et accompagnement.","breadcrumb":{"@id":"https:\/\/www.cabinet-magar.fr\/de\/unternehmensentwicklung\/#breadcrumb"},"inLanguage":"de","potentialAction":[{"@type":"ReadAction","target":["https:\/\/www.cabinet-magar.fr\/de\/unternehmensentwicklung\/"]}]},{"@type":"BreadcrumbList","@id":"https:\/\/www.cabinet-magar.fr\/de\/unternehmensentwicklung\/#breadcrumb","itemListElement":[{"@type":"ListItem","position":1,"name":"Accueil","item":"https:\/\/www.cabinet-magar.fr\/de\/"},{"@type":"ListItem","position":2,"name":"Unternehmensentwicklung"}]},{"@type":"WebSite","@id":"https:\/\/www.cabinet-magar.fr\/#website","url":"https:\/\/www.cabinet-magar.fr\/","name":"Cabinet Magar","description":"","potentialAction":[{"@type":"SearchAction","target":{"@type":"EntryPoint","urlTemplate":"https:\/\/www.cabinet-magar.fr\/?s={search_term_string}"},"query-input":{"@type":"PropertyValueSpecification","valueRequired":true,"valueName":"search_term_string"}}],"inLanguage":"de"}]}},"_links":{"self":[{"href":"https:\/\/www.cabinet-magar.fr\/de\/wp-json\/wp\/v2\/pages\/4769","targetHints":{"allow":["GET"]}}],"collection":[{"href":"https:\/\/www.cabinet-magar.fr\/de\/wp-json\/wp\/v2\/pages"}],"about":[{"href":"https:\/\/www.cabinet-magar.fr\/de\/wp-json\/wp\/v2\/types\/page"}],"author":[{"embeddable":true,"href":"https:\/\/www.cabinet-magar.fr\/de\/wp-json\/wp\/v2\/users\/1"}],"replies":[{"embeddable":true,"href":"https:\/\/www.cabinet-magar.fr\/de\/wp-json\/wp\/v2\/comments?post=4769"}],"version-history":[{"count":2,"href":"https:\/\/www.cabinet-magar.fr\/de\/wp-json\/wp\/v2\/pages\/4769\/revisions"}],"predecessor-version":[{"id":4779,"href":"https:\/\/www.cabinet-magar.fr\/de\/wp-json\/wp\/v2\/pages\/4769\/revisions\/4779"}],"wp:attachment":[{"href":"https:\/\/www.cabinet-magar.fr\/de\/wp-json\/wp\/v2\/media?parent=4769"}],"curies":[{"name":"wp","href":"https:\/\/api.w.org\/{rel}","templated":true}]}}